{"id":330,"date":"2016-02-29T13:10:37","date_gmt":"2016-02-29T13:10:37","guid":{"rendered":"http:\/\/test.kriesi.at\/travel\/?page_id=2"},"modified":"2025-04-29T11:30:25","modified_gmt":"2025-04-29T09:30:25","slug":"home","status":"publish","type":"page","link":"https:\/\/www.normans-couture.de\/","title":{"rendered":"Home"},"content":{"rendered":"<div id='full_slider_1'  class='avia-fullwidth-slider main_color avia-shadow   avia-builder-el-0  el_before_av_layout_row  avia-builder-el-first   container_wrap sidebar_right'  >\n<style type=\"text\/css\" data-created_by=\"avia_inline_auto\" id=\"style-css-av-ycglm-6e2a975132c541212a2efbe10e138b23\">\n#top #wrap_all .avia-slideshow .av-slideshow-caption.av-ycglm-6e2a975132c541212a2efbe10e138b23__0 .avia-caption-title{\nfont-size:70px;\n}\n#top .avia-slideshow .av-slideshow-caption.av-ycglm-6e2a975132c541212a2efbe10e138b23__0 .avia-caption-content{\nfont-size:38px;\n}\n#top .avia-slideshow .av-slideshow-caption.av-ycglm-6e2a975132c541212a2efbe10e138b23__0 .avia-caption-content p{\nfont-size:38px;\n}\n<\/style>\n<div  class='avia-slideshow av-ycglm-6e2a975132c541212a2efbe10e138b23 avia-slideshow-no scaling av_slideshow_full avia-slide_up-slider av-slideshow-ui av-control-minimal av-slideshow-manual av-loop-once av-loop-manual-endless av-default-height-applied   avia-slideshow-1' data-slideshow-options=\"{&quot;animation&quot;:&quot;slide_up&quot;,&quot;autoplay&quot;:false,&quot;loop_autoplay&quot;:&quot;once&quot;,&quot;interval&quot;:6,&quot;loop_manual&quot;:&quot;manual-endless&quot;,&quot;autoplay_stopper&quot;:false,&quot;noNavigation&quot;:false,&quot;bg_slider&quot;:false,&quot;keep_padding&quot;:false,&quot;hoverpause&quot;:false,&quot;show_slide_delay&quot;:0}\"  itemprop=\"image\" itemscope=\"itemscope\" itemtype=\"https:\/\/schema.org\/ImageObject\" ><ul class='avia-slideshow-inner ' style='padding-bottom: 50%;'><li  class='avia-slideshow-slide av-ycglm-6e2a975132c541212a2efbe10e138b23__0  slide-1 slide-odd'><div data-rel='slideshow-1' class='avia-slide-wrap '   ><div class='av-slideshow-caption av-ycglm-6e2a975132c541212a2efbe10e138b23__0 caption_fullwidth caption_center'><div class=\"container caption_container\"><div class=\"slideshow_caption\"><div class=\"slideshow_inner_caption\"><div class=\"slideshow_align_caption\"><h2 class='avia-caption-title '  itemprop=\"name\" >Willkommen bei<br \/>\nNorman\u2019s Couture<\/h2><div class='avia-caption-content '  itemprop=\"description\" ><p>Brautmoden &amp; Abendgarderobe<\/p>\n<\/div><\/div><\/div><\/div><\/div><\/div><img decoding=\"async\" fetchpriority=\"high\" class=\"wp-image-1073 avia-img-lazy-loading-not-1073\"  src=\"https:\/\/www.normans-couture.de\/wp-content\/uploads\/2025\/04\/Depositphotos_13785466_XL_Slider.jpg\" width=\"2400\" height=\"1200\" title='A Bride From Above' alt=''  itemprop=\"thumbnailUrl\" srcset=\"https:\/\/www.normans-couture.de\/wp-content\/uploads\/2025\/04\/Depositphotos_13785466_XL_Slider.jpg 2400w, https:\/\/www.normans-couture.de\/wp-content\/uploads\/2025\/04\/Depositphotos_13785466_XL_Slider-300x150.jpg 300w, https:\/\/www.normans-couture.de\/wp-content\/uploads\/2025\/04\/Depositphotos_13785466_XL_Slider-1030x515.jpg 1030w, https:\/\/www.normans-couture.de\/wp-content\/uploads\/2025\/04\/Depositphotos_13785466_XL_Slider-768x384.jpg 768w, https:\/\/www.normans-couture.de\/wp-content\/uploads\/2025\/04\/Depositphotos_13785466_XL_Slider-1536x768.jpg 1536w, https:\/\/www.normans-couture.de\/wp-content\/uploads\/2025\/04\/Depositphotos_13785466_XL_Slider-2048x1024.jpg 2048w, https:\/\/www.normans-couture.de\/wp-content\/uploads\/2025\/04\/Depositphotos_13785466_XL_Slider-1500x750.jpg 1500w, https:\/\/www.normans-couture.de\/wp-content\/uploads\/2025\/04\/Depositphotos_13785466_XL_Slider-705x353.jpg 705w\" sizes=\"(max-width: 2400px) 100vw, 2400px\" \/><\/div><\/li><li  class='avia-slideshow-slide av-ycglm-6e2a975132c541212a2efbe10e138b23__1  slide-2 slide-even'><div data-rel='slideshow-1' class='avia-slide-wrap '   ><img decoding=\"async\" fetchpriority=\"high\" class=\"wp-image-1074 avia-img-lazy-loading-not-1074\"  src=\"https:\/\/www.normans-couture.de\/wp-content\/uploads\/2025\/04\/Depositphotos_224315710_XL_Slider.jpg\" width=\"2400\" height=\"1200\" title='Full length portrait four attractive young women in sexy dress' alt=''  itemprop=\"thumbnailUrl\" srcset=\"https:\/\/www.normans-couture.de\/wp-content\/uploads\/2025\/04\/Depositphotos_224315710_XL_Slider.jpg 2400w, https:\/\/www.normans-couture.de\/wp-content\/uploads\/2025\/04\/Depositphotos_224315710_XL_Slider-300x150.jpg 300w, https:\/\/www.normans-couture.de\/wp-content\/uploads\/2025\/04\/Depositphotos_224315710_XL_Slider-1030x515.jpg 1030w, https:\/\/www.normans-couture.de\/wp-content\/uploads\/2025\/04\/Depositphotos_224315710_XL_Slider-768x384.jpg 768w, https:\/\/www.normans-couture.de\/wp-content\/uploads\/2025\/04\/Depositphotos_224315710_XL_Slider-1536x768.jpg 1536w, https:\/\/www.normans-couture.de\/wp-content\/uploads\/2025\/04\/Depositphotos_224315710_XL_Slider-2048x1024.jpg 2048w, https:\/\/www.normans-couture.de\/wp-content\/uploads\/2025\/04\/Depositphotos_224315710_XL_Slider-1500x750.jpg 1500w, https:\/\/www.normans-couture.de\/wp-content\/uploads\/2025\/04\/Depositphotos_224315710_XL_Slider-705x353.jpg 705w\" sizes=\"(max-width: 2400px) 100vw, 2400px\" \/><\/div><\/li><li  class='avia-slideshow-slide av-ycglm-6e2a975132c541212a2efbe10e138b23__2  slide-3 slide-odd'><div data-rel='slideshow-1' class='avia-slide-wrap '   ><img decoding=\"async\" fetchpriority=\"high\" class=\"wp-image-1121 avia-img-lazy-loading-not-1121\"  src=\"https:\/\/www.normans-couture.de\/wp-content\/uploads\/2025\/04\/IMG_3972_ALR_2400x1200px.jpg\" width=\"2400\" height=\"1200\" title='IMG_3972_ALR_2400x1200px' alt=''  itemprop=\"thumbnailUrl\" srcset=\"https:\/\/www.normans-couture.de\/wp-content\/uploads\/2025\/04\/IMG_3972_ALR_2400x1200px.jpg 2400w, https:\/\/www.normans-couture.de\/wp-content\/uploads\/2025\/04\/IMG_3972_ALR_2400x1200px-300x150.jpg 300w, https:\/\/www.normans-couture.de\/wp-content\/uploads\/2025\/04\/IMG_3972_ALR_2400x1200px-1030x515.jpg 1030w, https:\/\/www.normans-couture.de\/wp-content\/uploads\/2025\/04\/IMG_3972_ALR_2400x1200px-768x384.jpg 768w, https:\/\/www.normans-couture.de\/wp-content\/uploads\/2025\/04\/IMG_3972_ALR_2400x1200px-1536x768.jpg 1536w, https:\/\/www.normans-couture.de\/wp-content\/uploads\/2025\/04\/IMG_3972_ALR_2400x1200px-2048x1024.jpg 2048w, https:\/\/www.normans-couture.de\/wp-content\/uploads\/2025\/04\/IMG_3972_ALR_2400x1200px-1500x750.jpg 1500w, https:\/\/www.normans-couture.de\/wp-content\/uploads\/2025\/04\/IMG_3972_ALR_2400x1200px-705x353.jpg 705w\" sizes=\"(max-width: 2400px) 100vw, 2400px\" \/><\/div><\/li><li  class='avia-slideshow-slide av-ycglm-6e2a975132c541212a2efbe10e138b23__3  slide-4 slide-even'><div data-rel='slideshow-1' class='avia-slide-wrap '   ><img decoding=\"async\" fetchpriority=\"high\" class=\"wp-image-1120 avia-img-lazy-loading-not-1120\"  src=\"https:\/\/www.normans-couture.de\/wp-content\/uploads\/2025\/04\/IMG_3957_ALR_2400x1200px.jpg\" width=\"2400\" height=\"1201\" title='IMG_3957_ALR_2400x1200px' alt=''  itemprop=\"thumbnailUrl\" srcset=\"https:\/\/www.normans-couture.de\/wp-content\/uploads\/2025\/04\/IMG_3957_ALR_2400x1200px.jpg 2400w, https:\/\/www.normans-couture.de\/wp-content\/uploads\/2025\/04\/IMG_3957_ALR_2400x1200px-300x150.jpg 300w, https:\/\/www.normans-couture.de\/wp-content\/uploads\/2025\/04\/IMG_3957_ALR_2400x1200px-1030x515.jpg 1030w, https:\/\/www.normans-couture.de\/wp-content\/uploads\/2025\/04\/IMG_3957_ALR_2400x1200px-768x384.jpg 768w, https:\/\/www.normans-couture.de\/wp-content\/uploads\/2025\/04\/IMG_3957_ALR_2400x1200px-1536x769.jpg 1536w, https:\/\/www.normans-couture.de\/wp-content\/uploads\/2025\/04\/IMG_3957_ALR_2400x1200px-2048x1025.jpg 2048w, https:\/\/www.normans-couture.de\/wp-content\/uploads\/2025\/04\/IMG_3957_ALR_2400x1200px-1500x751.jpg 1500w, https:\/\/www.normans-couture.de\/wp-content\/uploads\/2025\/04\/IMG_3957_ALR_2400x1200px-705x353.jpg 705w\" sizes=\"(max-width: 2400px) 100vw, 2400px\" \/><\/div><\/li><\/ul><div class='avia-slideshow-arrows avia-slideshow-controls' ><a href='#prev' class='prev-slide  avia-svg-icon avia-font-svg_entypo-fontello' data-av_svg_icon='left-open-big' data-av_iconset='svg_entypo-fontello' tabindex='-1' title=\"Zur\u00fcck\"><svg version=\"1.1\" xmlns=\"http:\/\/www.w3.org\/2000\/svg\" width=\"15\" height=\"32\" viewBox=\"0 0 15 32\" preserveAspectRatio=\"xMidYMid meet\" aria-labelledby='av-svg-title-1' aria-describedby='av-svg-desc-1' role=\"graphics-symbol\" aria-hidden=\"true\">\n<title id='av-svg-title-1'>Zur\u00fcck<\/title>\n<desc id='av-svg-desc-1'>Zur\u00fcck<\/desc>\n<path d=\"M14.464 27.84q0.832 0.832 0 1.536-0.832 0.832-1.536 0l-12.544-12.608q-0.768-0.768 0-1.6l12.544-12.608q0.704-0.832 1.536 0 0.832 0.704 0 1.536l-11.456 11.904z\"><\/path>\n<\/svg><span class='avia_hidden_link_text'>Zur\u00fcck<\/span><\/a><a href='#next' class='next-slide  avia-svg-icon avia-font-svg_entypo-fontello' data-av_svg_icon='right-open-big' data-av_iconset='svg_entypo-fontello' tabindex='-1' title=\"Weiter\"><svg version=\"1.1\" xmlns=\"http:\/\/www.w3.org\/2000\/svg\" width=\"15\" height=\"32\" viewBox=\"0 0 15 32\" preserveAspectRatio=\"xMidYMid meet\" aria-labelledby='av-svg-title-2' aria-describedby='av-svg-desc-2' role=\"graphics-symbol\" aria-hidden=\"true\">\n<title id='av-svg-title-2'>Weiter<\/title>\n<desc id='av-svg-desc-2'>Weiter<\/desc>\n<path d=\"M0.416 27.84l11.456-11.84-11.456-11.904q-0.832-0.832 0-1.536 0.832-0.832 1.536 0l12.544 12.608q0.768 0.832 0 1.6l-12.544 12.608q-0.704 0.832-1.536 0-0.832-0.704 0-1.536z\"><\/path>\n<\/svg><span class='avia_hidden_link_text'>Weiter<\/span><\/a><\/div><div class='avia-slideshow-dots avia-slideshow-controls'><a href='#1' class='goto-slide active' >1<\/a><a href='#2' class='goto-slide ' >2<\/a><a href='#3' class='goto-slide ' >3<\/a><a href='#4' class='goto-slide ' >4<\/a><\/div><\/div><\/div>\n<div id='av-layout-grid-1'  class='av-layout-grid-container av-wurqa-a8f01d8a458388a60c9de566e8cf6c0a entry-content-wrapper main_color av-flex-cells av-break-at-tablet  avia-builder-el-1  el_after_av_slideshow_full  el_before_av_section  grid-row-not-first  container_wrap sidebar_right'  >\n\n<style type=\"text\/css\" data-created_by=\"avia_inline_auto\" id=\"style-css-av-qnhx6-3d901e6ae4534250be6b0af020dae8c6\">\n.flex_cell.av-qnhx6-3d901e6ae4534250be6b0af020dae8c6{\nvertical-align:top;\nbackground-color:#e63212;\n}\n.responsive #top #wrap_all .flex_cell.av-qnhx6-3d901e6ae4534250be6b0af020dae8c6{\npadding:90px 10px 90px 50px !important;\n}\n<\/style>\n<div class='flex_cell av-qnhx6-3d901e6ae4534250be6b0af020dae8c6 av-gridrow-cell av_one_third no_margin  avia-builder-el-2  el_before_av_cell_one_third  avia-builder-el-first  content-align-top avia-full-stretch'  ><div class='flex_cell_inner'>\n<style type=\"text\/css\" data-created_by=\"avia_inline_auto\" id=\"style-css-av-m71vae36-1f14e560cbf6b86d2cb1c9429f075e00\">\n.iconbox.av-m71vae36-1f14e560cbf6b86d2cb1c9429f075e00 .iconbox_icon{\nborder:1px solid #ffffff;\ncolor:#ffffff;\n}\n.iconbox.av-m71vae36-1f14e560cbf6b86d2cb1c9429f075e00 .iconbox_icon.avia-svg-icon svg:first-child{\nfill:#ffffff;\nstroke:#ffffff;\n}\n#top #wrap_all .iconbox.av-m71vae36-1f14e560cbf6b86d2cb1c9429f075e00 .iconbox_content_title{\ncolor:#ffffff;\n}\n.iconbox.av-m71vae36-1f14e560cbf6b86d2cb1c9429f075e00 .iconbox_content_container{\ncolor:#ffffff;\n}\n<\/style>\n<article  class='iconbox iconbox_left_content av-m71vae36-1f14e560cbf6b86d2cb1c9429f075e00 av-icon-style-no-border  avia-builder-el-3  avia-builder-el-no-sibling '  itemscope=\"itemscope\" itemtype=\"https:\/\/schema.org\/CreativeWork\" ><div class='iconbox_icon heading-color avia-iconfont avia-font-fontello' data-av_icon='\ue80c' data-av_iconfont='fontello'  ><\/div><div class=\"iconbox_content\"><header class=\"entry-content-header\" aria-label=\"Icon: BRAUT\u00adKLEIDER\"><h3 class='iconbox_content_title '  itemprop=\"headline\" >BRAUT\u00adKLEIDER<\/h3><\/header><div class='iconbox_content_container av_inherit_color'  itemprop=\"text\" ><p>individuell f\u00fcr Sie nach Ihren Vorstellungen.<\/p>\n<\/div><\/div><footer class=\"entry-footer\"><\/footer><\/article>\n<\/div><\/div>\n<style type=\"text\/css\" data-created_by=\"avia_inline_auto\" id=\"style-css-av-ksfxe-93129a1eb6c6b840766dc260a41901b3\">\n.flex_cell.av-ksfxe-93129a1eb6c6b840766dc260a41901b3{\nvertical-align:top;\nbackground-color:#383838;\n}\n.responsive #top #wrap_all .flex_cell.av-ksfxe-93129a1eb6c6b840766dc260a41901b3{\npadding:90px 10px 90px 50px !important;\n}\n<\/style>\n<div class='flex_cell av-ksfxe-93129a1eb6c6b840766dc260a41901b3 av-gridrow-cell av_one_third no_margin  avia-builder-el-4  el_after_av_cell_one_third  el_before_av_cell_one_third  content-align-top avia-full-stretch'  ><div class='flex_cell_inner'>\n<style type=\"text\/css\" data-created_by=\"avia_inline_auto\" id=\"style-css-av-m71v9p35-a4be064c4d168ac041b6c9af27ecef56\">\n.iconbox.av-m71v9p35-a4be064c4d168ac041b6c9af27ecef56 .iconbox_icon{\ncolor:#ffffff;\n}\n.iconbox.av-m71v9p35-a4be064c4d168ac041b6c9af27ecef56 .iconbox_icon.avia-svg-icon svg:first-child{\nfill:#ffffff;\nstroke:#ffffff;\n}\n#top #wrap_all .iconbox.av-m71v9p35-a4be064c4d168ac041b6c9af27ecef56 .iconbox_content_title{\ncolor:#ffffff;\n}\n.iconbox.av-m71v9p35-a4be064c4d168ac041b6c9af27ecef56 .iconbox_content_container{\ncolor:#ffffff;\n}\n<\/style>\n<article  class='iconbox iconbox_left_content av-m71v9p35-a4be064c4d168ac041b6c9af27ecef56 av-icon-style-no-border  avia-builder-el-5  avia-builder-el-no-sibling '  itemscope=\"itemscope\" itemtype=\"https:\/\/schema.org\/CreativeWork\" ><div class='iconbox_icon heading-color avia-iconfont avia-font-fontello' data-av_icon='\ue802' data-av_iconfont='fontello'  ><\/div><div class=\"iconbox_content\"><header class=\"entry-content-header\" aria-label=\"Icon: ABEND\u00adGARDEROBE\"><h3 class='iconbox_content_title '  itemprop=\"headline\" >ABEND\u00adGARDEROBE<\/h3><\/header><div class='iconbox_content_container av_inherit_color'  itemprop=\"text\" ><p>&#8230; einfach gut aus sehen zu jedem Anlass<strong>.<\/strong><\/p>\n<\/div><\/div><footer class=\"entry-footer\"><\/footer><\/article>\n<\/div><\/div>\n<style type=\"text\/css\" data-created_by=\"avia_inline_auto\" id=\"style-css-av-csvay-bb57ecac6fee197bc82c009d33805179\">\n.flex_cell.av-csvay-bb57ecac6fee197bc82c009d33805179{\nvertical-align:top;\nbackground-color:#6b6b6b;\n}\n.responsive #top #wrap_all .flex_cell.av-csvay-bb57ecac6fee197bc82c009d33805179{\npadding:90px 10px 90px 50px !important;\n}\n<\/style>\n<div class='flex_cell av-csvay-bb57ecac6fee197bc82c009d33805179 av-gridrow-cell av_one_third no_margin  avia-builder-el-6  el_after_av_cell_one_third  avia-builder-el-last  content-align-top avia-full-stretch'  ><div class='flex_cell_inner'>\n<style type=\"text\/css\" data-created_by=\"avia_inline_auto\" id=\"style-css-av-awe0y-385faac1ea2b734577c43b4d2a945952\">\n.iconbox.av-awe0y-385faac1ea2b734577c43b4d2a945952 .iconbox_icon{\ncolor:#ffffff;\n}\n.iconbox.av-awe0y-385faac1ea2b734577c43b4d2a945952 .iconbox_icon.avia-svg-icon svg:first-child{\nfill:#ffffff;\nstroke:#ffffff;\n}\n#top #wrap_all .iconbox.av-awe0y-385faac1ea2b734577c43b4d2a945952 .iconbox_content_title{\ncolor:#ffffff;\n}\n.iconbox.av-awe0y-385faac1ea2b734577c43b4d2a945952 .iconbox_content_container{\ncolor:#ffffff;\n}\n<\/style>\n<article  class='iconbox iconbox_left_content av-awe0y-385faac1ea2b734577c43b4d2a945952 av-icon-style-no-border  avia-builder-el-7  avia-builder-el-no-sibling '  itemscope=\"itemscope\" itemtype=\"https:\/\/schema.org\/CreativeWork\" ><div class='iconbox_icon heading-color avia-iconfont avia-font-fontello' data-av_icon='\ue809' data-av_iconfont='fontello'  ><\/div><div class=\"iconbox_content\"><header class=\"entry-content-header\" aria-label=\"Icon: Ma\u00dfan\u00adfertigung\"><h3 class='iconbox_content_title '  itemprop=\"headline\" >Ma\u00dfan\u00adfertigung<\/h3><\/header><div class='iconbox_content_container av_inherit_color'  itemprop=\"text\" ><p>\u2026 nur f\u00fcr Sie gefertigt<strong>!<\/strong><\/p>\n<\/div><\/div><footer class=\"entry-footer\"><\/footer><\/article>\n<\/div><\/div>\n<\/div>\n\n<style type=\"text\/css\" data-created_by=\"avia_inline_auto\" id=\"style-css-av-ra7tm-8d931bafc5265c68b431fc098dd39dd1\">\n.avia-section.av-ra7tm-8d931bafc5265c68b431fc098dd39dd1{\nbackground-repeat:no-repeat;\nbackground-image:url(https:\/\/www.normans-couture.de\/wp-content\/uploads\/2025\/04\/Depositphotos_154965660_XL_2400x1200px.jpg);\nbackground-position:50% 50%;\nbackground-attachment:fixed;\n}\n.avia-section.av-ra7tm-8d931bafc5265c68b431fc098dd39dd1 .av-section-color-overlay{\nopacity:0.4;\nbackground-color:#000000;\n}\n<\/style>\n<div id='av_section_1'  class='avia-section av-ra7tm-8d931bafc5265c68b431fc098dd39dd1 alternate_color avia-section-huge avia-no-border-styling  avia-builder-el-8  el_after_av_layout_row  avia-builder-el-last  avia-full-stretch avia-bg-style-fixed av-section-color-overlay-active container_wrap sidebar_right'  data-section-bg-repeat='stretch'><div class=\"av-section-color-overlay-wrap\"><div class=\"av-section-color-overlay\"><\/div><div class='container av-section-cont-open' ><div class='template-page content  av-content-small alpha units'><div class='post-entry post-entry-type-page post-entry-330'><div class='entry-content-wrapper clearfix'>\n<div  class='flex_column av-82kwi-4daccb8feb617f8d4a0976840dfa9ba9 av_one_full  avia-builder-el-9  avia-builder-el-no-sibling  first flex_column_div  '     ><style type=\"text\/css\" data-created_by=\"avia_inline_auto\" id=\"style-css-av-gndey-98d7695147291eff651dd77b7fb3076d\">\n#top .av_textblock_section.av-gndey-98d7695147291eff651dd77b7fb3076d .avia_textblock{\nfont-size:24px;\ncolor:#ffffff;\n}\n\n@media only screen and (max-width: 479px){ \n#top .av_textblock_section.av-gndey-98d7695147291eff651dd77b7fb3076d .avia_textblock{\nfont-size:18px;\n}\n}\n<\/style>\n<section  class='av_textblock_section av-gndey-98d7695147291eff651dd77b7fb3076d '   itemscope=\"itemscope\" itemtype=\"https:\/\/schema.org\/CreativeWork\" ><div class='avia_textblock av_inherit_color'  itemprop=\"text\" ><p style=\"text-align: center;\">Willkommen in unserem Fachgesch\u00e4ft f\u00fcr exklusive Brautmode und ma\u00dfgeschneiderte Abendgarderobe \u2013 wo Ihre Tr\u00e4ume in Stoff und Spitze wahr werden! Jede Frau ist einzigartig, und so sollte auch ihr Kleid sein. Bei uns finden Sie nicht nur Kleider, sondern wahre Kunstwerke, die Ihre Pers\u00f6nlichkeit unterstreichen und nat\u00fcrliche Sch\u00f6nheit hervorheben.<\/p>\n<p style=\"text-align: center;\">Wir nehmen uns Zeit, Sie in entspannter Atmosph\u00e4re pers\u00f6nlich zu beraten und begleiten Sie auf dem Weg zu Ihrem perfekten Kleid.<\/p>\n<\/div><\/section><br \/>\n\n<style type=\"text\/css\" data-created_by=\"avia_inline_auto\" id=\"style-css-av-bdije-7656397c4181d8689719203755f1dcff\">\n#top .hr.hr-invisible.av-bdije-7656397c4181d8689719203755f1dcff{\nheight:50px;\n}\n<\/style>\n<div  class='hr av-bdije-7656397c4181d8689719203755f1dcff hr-invisible  avia-builder-el-11  el_after_av_textblock  el_before_av_button '><span class='hr-inner '><span class=\"hr-inner-style\"><\/span><\/span><\/div><br \/>\n<div  class='avia-button-wrap av-m056cz7z-cdbfb06244275705c385bfe29f7aff36-wrap avia-button-center  avia-builder-el-12  el_after_av_hr  avia-builder-el-last '>\n<style type=\"text\/css\" data-created_by=\"avia_inline_auto\" id=\"style-css-av-m056cz7z-cdbfb06244275705c385bfe29f7aff36\">\n#top #wrap_all .avia-button.av-m056cz7z-cdbfb06244275705c385bfe29f7aff36{\nborder-radius:0 10px 0 10px;\ntransition:all 0.4s ease-in-out;\n}\n#top #wrap_all.avia-button.av-m056cz7z-cdbfb06244275705c385bfe29f7aff36:hover .avia_button_background{\nborder-radius:0 10px 0 10px;\n}\n<\/style>\n<a href='https:\/\/www.normans-couture.de\/index.php\/kontakt\/'  class='avia-button av-m056cz7z-cdbfb06244275705c385bfe29f7aff36 av-link-btn avia-icon_select-yes-right-icon avia-size-x-large avia-position-center avia-color-theme-color'  target=\"_blank\"  rel=\"noopener noreferrer\"  aria-label=\"Termin vereinbaren\"><span class='avia_iconbox_title' >Termin vereinbaren<\/span><span class='avia_button_icon avia_button_icon_right avia-iconfont avia-font-fontello' data-av_icon='\ue806' data-av_iconfont='fontello' ><\/span><\/a><\/div><\/p><\/div>\n<\/div><\/div><\/div><!-- close content main div --><\/div><\/div><\/div><div id='after_section_1'  class='main_color av_default_container_wrap container_wrap sidebar_right'  ><div class='container av-section-cont-open' ><div class='template-page content  av-content-small alpha units'><div class='post-entry post-entry-type-page post-entry-330'><div class='entry-content-wrapper clearfix'>\n","protected":false},"excerpt":{"rendered":"","protected":false},"author":2,"featured_media":0,"parent":0,"menu_order":0,"comment_status":"closed","ping_status":"open","template":"","meta":{"footnotes":""},"class_list":["post-330","page","type-page","status-publish","hentry"],"_links":{"self":[{"href":"https:\/\/www.normans-couture.de\/index.php\/wp-json\/wp\/v2\/pages\/330","targetHints":{"allow":["GET"]}}],"collection":[{"href":"https:\/\/www.normans-couture.de\/index.php\/wp-json\/wp\/v2\/pages"}],"about":[{"href":"https:\/\/www.normans-couture.de\/index.php\/wp-json\/wp\/v2\/types\/page"}],"author":[{"embeddable":true,"href":"https:\/\/www.normans-couture.de\/index.php\/wp-json\/wp\/v2\/users\/2"}],"replies":[{"embeddable":true,"href":"https:\/\/www.normans-couture.de\/index.php\/wp-json\/wp\/v2\/comments?post=330"}],"version-history":[{"count":72,"href":"https:\/\/www.normans-couture.de\/index.php\/wp-json\/wp\/v2\/pages\/330\/revisions"}],"predecessor-version":[{"id":1122,"href":"https:\/\/www.normans-couture.de\/index.php\/wp-json\/wp\/v2\/pages\/330\/revisions\/1122"}],"wp:attachment":[{"href":"https:\/\/www.normans-couture.de\/index.php\/wp-json\/wp\/v2\/media?parent=330"}],"curies":[{"name":"wp","href":"https:\/\/api.w.org\/{rel}","templated":true}]}}